{"id":3,"date":"2025-10-13T13:50:20","date_gmt":"2025-10-13T11:50:20","guid":{"rendered":"https:\/\/mediaapparat.wp-stars.com\/?page_id=3"},"modified":"2025-12-18T14:32:16","modified_gmt":"2025-12-18T13:32:16","slug":"datenschutzerklaerung","status":"publish","type":"page","link":"https:\/\/mediaapparat.com\/en\/datenschutzerklaerung\/","title":{"rendered":"Privacy policy"},"content":{"rendered":"<div data-elementor-type=\"wp-page\" data-elementor-id=\"3\" class=\"elementor elementor-3\" data-elementor-post-type=\"page\">\n\t\t\t\t<div class=\"elementor-element elementor-element-7e209968 e-flex e-con-boxed e-con e-parent\" data-id=\"7e209968\" data-element_type=\"container\">\n\t\t\t\t\t<div class=\"e-con-inner\">\n\t\t\t\t<div class=\"elementor-element elementor-element-d14b56d elementor-widget elementor-widget-heading\" data-id=\"d14b56d\" data-element_type=\"widget\" data-widget_type=\"heading.default\">\n\t\t\t\t\t<h1 class=\"elementor-heading-title elementor-size-default\">Legal<\/h1>\t\t\t\t<\/div>\n\t\t\t\t<div class=\"elementor-element elementor-element-5628fa2c elementor-widget elementor-widget-text-editor\" data-id=\"5628fa2c\" data-element_type=\"widget\" data-widget_type=\"text-editor.default\">\n\t\t\t\t\t\t\t\t\t<p>The publisher assumes no responsibility\/liability for contributions in the comments. Liability for links: We hereby expressly distance ourselves from all content of all linked pages and also from embedded content on our homepage and do not adopt this content as our own. <a href=\"https:\/\/mediaapparat.com\/en\/\">www.mediaapparat.com<\/a> posted links and all embedded content.<\/p>\t\t\t\t\t\t\t\t<\/div>\n\t\t\t\t<div class=\"elementor-element elementor-element-ec74739 elementor-widget elementor-widget-heading\" data-id=\"ec74739\" data-element_type=\"widget\" data-widget_type=\"heading.default\">\n\t\t\t\t\t<h2 class=\"elementor-heading-title elementor-size-default\">Privacy Policy<\/h2>\t\t\t\t<\/div>\n\t\t\t\t<div class=\"elementor-element elementor-element-dec07dc elementor-widget elementor-widget-text-editor\" data-id=\"dec07dc\" data-element_type=\"widget\" data-widget_type=\"text-editor.default\">\n\t\t\t\t\t\t\t\t\tSocial media plugins such as the Facebook Like button transmit information about your use of this website (including your IP address) to a server in the USA where it is stored.\t\t\t\t\t\t\t\t<\/div>\n\t\t\t\t<div class=\"elementor-element elementor-element-943fb00 elementor-widget elementor-widget-heading\" data-id=\"943fb00\" data-element_type=\"widget\" data-widget_type=\"heading.default\">\n\t\t\t\t\t<h2 class=\"elementor-heading-title elementor-size-default\">Use of Google Analytics<\/h2>\t\t\t\t<\/div>\n\t\t\t\t<div class=\"elementor-element elementor-element-e376eba elementor-widget elementor-widget-text-editor\" data-id=\"e376eba\" data-element_type=\"widget\" data-widget_type=\"text-editor.default\">\n\t\t\t\t\t\t\t\t\tThis website uses Google Analytics, a web analysis service of Google Inc. (\"Google\"). Google Analytics uses so-called \"cookies\", text files that are stored on your computer and that enable an analysis of your use of the website. The information generated by the cookie about your use of this website is usually transmitted to a Google server in the USA and stored there.\n\t\t\t\t\t\t\t\t<\/div>\n\t\t\t\t\t<\/div>\n\t\t\t\t<\/div>\n\t\t\t\t<\/div>","protected":false},"excerpt":{"rendered":"<p>Rechtliches F\u00fcr Beitr\u00e4ge in den Kommentaren kann seitens des Herausgebers keine Verantwortung\/Haftung \u00fcbernommen werden. Haftung f\u00fcr Links: Hiermit distanzieren wir uns ausdr\u00fccklich von allen Inhalten aller gelinkten Seiten und ebenfalls von eingebetteten Inhalten auf unserer Homepage und machen uns diese Inhalte nicht zu eigen. Diese Erkl\u00e4rung gilt f\u00fcr alle auf www.mediaapparat.com angebrachten Links und alle [&hellip;]<\/p>\n","protected":false},"author":1,"featured_media":0,"parent":0,"menu_order":0,"comment_status":"closed","ping_status":"closed","template":"elementor_header_footer","meta":{"_acf_changed":false,"footnotes":""},"class_list":["post-3","page","type-page","status-publish","hentry"],"acf":[],"_links":{"self":[{"href":"https:\/\/mediaapparat.com\/en\/wp-json\/wp\/v2\/pages\/3","targetHints":{"allow":["GET"]}}],"collection":[{"href":"https:\/\/mediaapparat.com\/en\/wp-json\/wp\/v2\/pages"}],"about":[{"href":"https:\/\/mediaapparat.com\/en\/wp-json\/wp\/v2\/types\/page"}],"author":[{"embeddable":true,"href":"https:\/\/mediaapparat.com\/en\/wp-json\/wp\/v2\/users\/1"}],"replies":[{"embeddable":true,"href":"https:\/\/mediaapparat.com\/en\/wp-json\/wp\/v2\/comments?post=3"}],"version-history":[{"count":10,"href":"https:\/\/mediaapparat.com\/en\/wp-json\/wp\/v2\/pages\/3\/revisions"}],"predecessor-version":[{"id":3861,"href":"https:\/\/mediaapparat.com\/en\/wp-json\/wp\/v2\/pages\/3\/revisions\/3861"}],"wp:attachment":[{"href":"https:\/\/mediaapparat.com\/en\/wp-json\/wp\/v2\/media?parent=3"}],"curies":[{"name":"wp","href":"https:\/\/api.w.org\/{rel}","templated":true}]}}